{"id":3968,"date":"2025-05-16T07:14:42","date_gmt":"2025-05-16T07:14:42","guid":{"rendered":"https:\/\/packntrade.co.uk\/?post_type=product&#038;p=3968"},"modified":"2026-01-15T14:17:55","modified_gmt":"2026-01-15T14:17:55","slug":"6-cavity-cupcake-box","status":"publish","type":"product","link":"https:\/\/packntrade.co.uk\/fr\/produit\/6-cavity-cupcake-box\/","title":{"rendered":"Bo\u00eete \u00e0 cupcakes \u00e0 6 cavit\u00e9s"},"content":{"rendered":"","protected":false},"excerpt":{"rendered":"<p>Bo\u00eete \u00e0 cupcakes \u00e0 6 cavit\u00e9s<\/p>\n<p>Dimensions : 10\u2033 x 7\u2033 x 3\u2033<\/p>","protected":false},"featured_media":3998,"comment_status":"open","ping_status":"closed","template":"","meta":{"_acf_changed":false,"nf_dc_page":"","inline_featured_image":false},"product_cat":[84],"product_tag":[],"class_list":{"0":"post-3968","1":"product","2":"type-product","3":"status-publish","4":"has-post-thumbnail","6":"product_cat-cupcake-boxes","8":"first","9":"instock","10":"taxable","11":"shipping-taxable","12":"purchasable","13":"product-type-variable","14":"wvs-archive-product-wrapper"},"acf":[],"_links":{"self":[{"href":"https:\/\/packntrade.co.uk\/fr\/wp-json\/wp\/v2\/product\/3968","targetHints":{"allow":["GET"]}}],"collection":[{"href":"https:\/\/packntrade.co.uk\/fr\/wp-json\/wp\/v2\/product"}],"about":[{"href":"https:\/\/packntrade.co.uk\/fr\/wp-json\/wp\/v2\/types\/product"}],"replies":[{"embeddable":true,"href":"https:\/\/packntrade.co.uk\/fr\/wp-json\/wp\/v2\/comments?post=3968"}],"version-history":[{"count":0,"href":"https:\/\/packntrade.co.uk\/fr\/wp-json\/wp\/v2\/product\/3968\/revisions"}],"wp:featuredmedia":[{"embeddable":true,"href":"https:\/\/packntrade.co.uk\/fr\/wp-json\/wp\/v2\/media\/3998"}],"wp:attachment":[{"href":"https:\/\/packntrade.co.uk\/fr\/wp-json\/wp\/v2\/media?parent=3968"}],"wp:term":[{"taxonomy":"product_cat","embeddable":true,"href":"https:\/\/packntrade.co.uk\/fr\/wp-json\/wp\/v2\/product_cat?post=3968"},{"taxonomy":"product_tag","embeddable":true,"href":"https:\/\/packntrade.co.uk\/fr\/wp-json\/wp\/v2\/product_tag?post=3968"}],"curies":[{"name":"wp","href":"https:\/\/api.w.org\/{rel}","templated":true}]}}