{"id":38,"date":"2024-05-07T02:55:57","date_gmt":"2024-05-07T02:55:57","guid":{"rendered":"http:\/\/source.wpopal.com\/bocpak\/?page_id=38"},"modified":"2024-05-07T02:55:57","modified_gmt":"2024-05-07T02:55:57","slug":"faqs","status":"publish","type":"page","link":"https:\/\/packntrade.co.uk\/tr\/faqs\/","title":{"rendered":"SSS"},"content":{"rendered":"<div data-elementor-type=\"wp-page\" data-elementor-id=\"38\" class=\"elementor elementor-38\" data-elementor-post-type=\"page\">\n\t\t\t\t<div class=\"elementor-element elementor-element-6677376 e-flex e-con-boxed e-con e-parent\" data-id=\"6677376\" data-element_type=\"container\" data-e-type=\"container\">\n\t\t\t\t\t<div class=\"e-con-inner\">\n\t\t\t\t<div class=\"elementor-element elementor-element-8ad41a8 elementor-widget__width-initial elementor-widget elementor-widget-heading\" data-id=\"8ad41a8\" data-element_type=\"widget\" data-e-type=\"widget\" data-widget_type=\"heading.default\">\n\t\t\t\t<div class=\"elementor-widget-container\">\n\t\t\t\t\t<h3 class=\"elementor-heading-title elementor-size-default\">Destek ekibimizden s\u0131k\u00e7a sorulan sorular<\/h3>\t\t\t\t<\/div>\n\t\t\t\t<\/div>\n\t\t<div class=\"elementor-element elementor-element-897fce7 e-grid e-con-boxed e-con e-child\" data-id=\"897fce7\" data-element_type=\"container\" data-e-type=\"container\">\n\t\t\t\t\t<div class=\"e-con-inner\">\n\t\t\t\t<div class=\"elementor-element elementor-element-6d41e8a elementor-widget elementor-widget-n-accordion\" data-id=\"6d41e8a\" data-element_type=\"widget\" data-e-type=\"widget\" data-settings=\"{&quot;default_state&quot;:&quot;expanded&quot;,&quot;max_items_expended&quot;:&quot;one&quot;,&quot;n_accordion_animation_duration&quot;:{&quot;unit&quot;:&quot;ms&quot;,&quot;size&quot;:400,&quot;sizes&quot;:[]}}\" data-widget_type=\"nested-accordion.default\">\n\t\t\t\t<div class=\"elementor-widget-container\">\n\t\t\t\t\t\t\t<div class=\"e-n-accordion\" aria-label=\"Akordeon. Ba\u011flant\u0131lar\u0131 Enter veya Bo\u015fluk tu\u015fuyla a\u00e7\u0131n, Escape tu\u015fuyla kapat\u0131n ve Ok Tu\u015flar\u0131yla gezinin\">\n\t\t\t\t\t\t<details id=\"e-n-accordion-item-1140\" class=\"e-n-accordion-item\" open>\n\t\t\t\t<summary class=\"e-n-accordion-item-title\" data-accordion-index=\"1\" tabindex=\"0\" aria-expanded=\"true\" aria-controls=\"e-n-accordion-item-1140\" >\n\t\t\t\t\t<span class='e-n-accordion-item-title-header'><div class=\"e-n-accordion-item-title-text\"> Telefonla sipari\u015f verebilir miyim? <\/div><\/span>\n\t\t\t\t\t\t\t<span class='e-n-accordion-item-title-icon'>\n\t\t\t<span class='e-opened' ><i aria-hidden=\"true\" class=\"bocpak-icon- bocpak-icon-chevron-down\"><\/i><\/span>\n\t\t\t<span class='e-closed'><i aria-hidden=\"true\" class=\"bocpak-icon- bocpak-icon-chevron-right\"><\/i><\/span>\n\t\t<\/span>\n\n\t\t\t\t\t\t<\/summary>\n\t\t\t\t<div role=\"region\" aria-labelledby=\"e-n-accordion-item-1140\" class=\"elementor-element elementor-element-4fb9092 e-con-full e-flex e-con e-child\" data-id=\"4fb9092\" data-element_type=\"container\" data-e-type=\"container\">\n\t\t\t\t<div class=\"elementor-element elementor-element-42117bb elementor-widget elementor-widget-text-editor\" data-id=\"42117bb\" data-element_type=\"widget\" data-e-type=\"widget\" data-widget_type=\"text-editor.default\">\n\t\t\t\t<div class=\"elementor-widget-container\">\n\t\t\t\t\t\t\t\t\tSadece online sipari\u015fleri kabul ediyoruz ancak sipari\u015f verirken herhangi bir sorunuz veya sorununuz varsa bizi aray\u0131n, ekibimizden birinin t\u00fcm s\u00fcre\u00e7 boyunca size yard\u0131mc\u0131 olaca\u011f\u0131ndan emin olabilirsiniz.\t\t\t\t\t\t\t\t<\/div>\n\t\t\t\t<\/div>\n\t\t\t\t<\/div>\n\t\t\t\t\t<\/details>\n\t\t\t\t\t\t<details id=\"e-n-accordion-item-1141\" class=\"e-n-accordion-item\" >\n\t\t\t\t<summary class=\"e-n-accordion-item-title\" data-accordion-index=\"2\" tabindex=\"-1\" aria-expanded=\"false\" aria-controls=\"e-n-accordion-item-1141\" >\n\t\t\t\t\t<span class='e-n-accordion-item-title-header'><div class=\"e-n-accordion-item-title-text\"> Matbaalar\u0131n\u0131z nerede bulunmaktad\u0131r? <\/div><\/span>\n\t\t\t\t\t\t\t<span class='e-n-accordion-item-title-icon'>\n\t\t\t<span class='e-opened' ><i aria-hidden=\"true\" class=\"bocpak-icon- bocpak-icon-chevron-down\"><\/i><\/span>\n\t\t\t<span class='e-closed'><i aria-hidden=\"true\" class=\"bocpak-icon- bocpak-icon-chevron-right\"><\/i><\/span>\n\t\t<\/span>\n\n\t\t\t\t\t\t<\/summary>\n\t\t\t\t<div role=\"region\" aria-labelledby=\"e-n-accordion-item-1141\" class=\"elementor-element elementor-element-727698d e-con-full e-flex e-con e-child\" data-id=\"727698d\" data-element_type=\"container\" data-e-type=\"container\">\n\t\t\t\t<div class=\"elementor-element elementor-element-96a093d elementor-widget elementor-widget-text-editor\" data-id=\"96a093d\" data-element_type=\"widget\" data-e-type=\"widget\" data-widget_type=\"text-editor.default\">\n\t\t\t\t<div class=\"elementor-widget-container\">\n\t\t\t\t\t\t\t\t\tSadece online sipari\u015fleri kabul ediyoruz ancak sipari\u015f verirken herhangi bir sorunuz veya sorununuz varsa bizi aray\u0131n, ekibimizden birinin t\u00fcm s\u00fcre\u00e7 boyunca size yard\u0131mc\u0131 olaca\u011f\u0131ndan emin olabilirsiniz.\t\t\t\t\t\t\t\t<\/div>\n\t\t\t\t<\/div>\n\t\t\t\t<\/div>\n\t\t\t\t\t<\/details>\n\t\t\t\t\t\t<details id=\"e-n-accordion-item-1142\" class=\"e-n-accordion-item\" >\n\t\t\t\t<summary class=\"e-n-accordion-item-title\" data-accordion-index=\"3\" tabindex=\"-1\" aria-expanded=\"false\" aria-controls=\"e-n-accordion-item-1142\" >\n\t\t\t\t\t<span class='e-n-accordion-item-title-header'><div class=\"e-n-accordion-item-title-text\"> Hangi \u00f6deme y\u00f6ntemlerini sunuyorsunuz? <\/div><\/span>\n\t\t\t\t\t\t\t<span class='e-n-accordion-item-title-icon'>\n\t\t\t<span class='e-opened' ><i aria-hidden=\"true\" class=\"bocpak-icon- bocpak-icon-chevron-down\"><\/i><\/span>\n\t\t\t<span class='e-closed'><i aria-hidden=\"true\" class=\"bocpak-icon- bocpak-icon-chevron-right\"><\/i><\/span>\n\t\t<\/span>\n\n\t\t\t\t\t\t<\/summary>\n\t\t\t\t<div role=\"region\" aria-labelledby=\"e-n-accordion-item-1142\" class=\"elementor-element elementor-element-457cafb e-con-full e-flex e-con e-child\" data-id=\"457cafb\" data-element_type=\"container\" data-e-type=\"container\">\n\t\t\t\t<div class=\"elementor-element elementor-element-0b79b12 elementor-widget elementor-widget-text-editor\" data-id=\"0b79b12\" data-element_type=\"widget\" data-e-type=\"widget\" data-widget_type=\"text-editor.default\">\n\t\t\t\t<div class=\"elementor-widget-container\">\n\t\t\t\t\t\t\t\t\tSadece online sipari\u015fleri kabul ediyoruz ancak sipari\u015f verirken herhangi bir sorunuz veya sorununuz varsa bizi aray\u0131n, ekibimizden birinin t\u00fcm s\u00fcre\u00e7 boyunca size yard\u0131mc\u0131 olaca\u011f\u0131ndan emin olabilirsiniz.\t\t\t\t\t\t\t\t<\/div>\n\t\t\t\t<\/div>\n\t\t\t\t<\/div>\n\t\t\t\t\t<\/details>\n\t\t\t\t\t\t<details id=\"e-n-accordion-item-1143\" class=\"e-n-accordion-item\" >\n\t\t\t\t<summary class=\"e-n-accordion-item-title\" data-accordion-index=\"4\" tabindex=\"-1\" aria-expanded=\"false\" aria-controls=\"e-n-accordion-item-1143\" >\n\t\t\t\t\t<span class='e-n-accordion-item-title-header'><div class=\"e-n-accordion-item-title-text\"> Faturay\u0131 ne zaman alaca\u011f\u0131m? <\/div><\/span>\n\t\t\t\t\t\t\t<span class='e-n-accordion-item-title-icon'>\n\t\t\t<span class='e-opened' ><i aria-hidden=\"true\" class=\"bocpak-icon- bocpak-icon-chevron-down\"><\/i><\/span>\n\t\t\t<span class='e-closed'><i aria-hidden=\"true\" class=\"bocpak-icon- bocpak-icon-chevron-right\"><\/i><\/span>\n\t\t<\/span>\n\n\t\t\t\t\t\t<\/summary>\n\t\t\t\t<div role=\"region\" aria-labelledby=\"e-n-accordion-item-1143\" class=\"elementor-element elementor-element-d1a1930 e-con-full e-flex e-con e-child\" data-id=\"d1a1930\" data-element_type=\"container\" data-e-type=\"container\">\n\t\t\t\t<div class=\"elementor-element elementor-element-d4826cd elementor-widget elementor-widget-text-editor\" data-id=\"d4826cd\" data-element_type=\"widget\" data-e-type=\"widget\" data-widget_type=\"text-editor.default\">\n\t\t\t\t<div class=\"elementor-widget-container\">\n\t\t\t\t\t\t\t\t\tSadece online sipari\u015fleri kabul ediyoruz ancak sipari\u015f verirken herhangi bir sorunuz veya sorununuz varsa bizi aray\u0131n, ekibimizden birinin t\u00fcm s\u00fcre\u00e7 boyunca size yard\u0131mc\u0131 olaca\u011f\u0131ndan emin olabilirsiniz.\t\t\t\t\t\t\t\t<\/div>\n\t\t\t\t<\/div>\n\t\t\t\t<\/div>\n\t\t\t\t\t<\/details>\n\t\t\t\t\t\t<details id=\"e-n-accordion-item-1144\" class=\"e-n-accordion-item\" >\n\t\t\t\t<summary class=\"e-n-accordion-item-title\" data-accordion-index=\"5\" tabindex=\"-1\" aria-expanded=\"false\" aria-controls=\"e-n-accordion-item-1144\" >\n\t\t\t\t\t<span class='e-n-accordion-item-title-header'><div class=\"e-n-accordion-item-title-text\"> Kan\u0131t veya \u00f6rnek dosya g\u00f6ndermem gerekiyor mu? <\/div><\/span>\n\t\t\t\t\t\t\t<span class='e-n-accordion-item-title-icon'>\n\t\t\t<span class='e-opened' ><i aria-hidden=\"true\" class=\"bocpak-icon- bocpak-icon-chevron-down\"><\/i><\/span>\n\t\t\t<span class='e-closed'><i aria-hidden=\"true\" class=\"bocpak-icon- bocpak-icon-chevron-right\"><\/i><\/span>\n\t\t<\/span>\n\n\t\t\t\t\t\t<\/summary>\n\t\t\t\t<div role=\"region\" aria-labelledby=\"e-n-accordion-item-1144\" class=\"elementor-element elementor-element-2774e28 e-con-full e-flex e-con e-child\" data-id=\"2774e28\" data-element_type=\"container\" data-e-type=\"container\">\n\t\t\t\t<div class=\"elementor-element elementor-element-c932852 elementor-widget elementor-widget-text-editor\" data-id=\"c932852\" data-element_type=\"widget\" data-e-type=\"widget\" data-widget_type=\"text-editor.default\">\n\t\t\t\t<div class=\"elementor-widget-container\">\n\t\t\t\t\t\t\t\t\tSadece online sipari\u015fleri kabul ediyoruz ancak sipari\u015f verirken herhangi bir sorunuz veya sorununuz varsa bizi aray\u0131n, ekibimizden birinin t\u00fcm s\u00fcre\u00e7 boyunca size yard\u0131mc\u0131 olaca\u011f\u0131ndan emin olabilirsiniz.\t\t\t\t\t\t\t\t<\/div>\n\t\t\t\t<\/div>\n\t\t\t\t<\/div>\n\t\t\t\t\t<\/details>\n\t\t\t\t\t<\/div>\n\t\t\t\t\t\t<\/div>\n\t\t\t\t<\/div>\n\t\t\t\t<div class=\"elementor-element elementor-element-d168de5 elementor-widget elementor-widget-n-accordion\" data-id=\"d168de5\" data-element_type=\"widget\" data-e-type=\"widget\" data-settings=\"{&quot;default_state&quot;:&quot;all_collapsed&quot;,&quot;max_items_expended&quot;:&quot;one&quot;,&quot;n_accordion_animation_duration&quot;:{&quot;unit&quot;:&quot;ms&quot;,&quot;size&quot;:400,&quot;sizes&quot;:[]}}\" data-widget_type=\"nested-accordion.default\">\n\t\t\t\t<div class=\"elementor-widget-container\">\n\t\t\t\t\t\t\t<div class=\"e-n-accordion\" aria-label=\"Akordeon. Ba\u011flant\u0131lar\u0131 Enter veya Bo\u015fluk tu\u015fuyla a\u00e7\u0131n, Escape tu\u015fuyla kapat\u0131n ve Ok Tu\u015flar\u0131yla gezinin\">\n\t\t\t\t\t\t<details id=\"e-n-accordion-item-2190\" class=\"e-n-accordion-item\" >\n\t\t\t\t<summary class=\"e-n-accordion-item-title\" data-accordion-index=\"1\" tabindex=\"0\" aria-expanded=\"false\" aria-controls=\"e-n-accordion-item-2190\" >\n\t\t\t\t\t<span class='e-n-accordion-item-title-header'><div class=\"e-n-accordion-item-title-text\"> Kendi tasar\u0131m\u0131m\u0131 ekleyebilir miyim? <\/div><\/span>\n\t\t\t\t\t\t\t<span class='e-n-accordion-item-title-icon'>\n\t\t\t<span class='e-opened' ><i aria-hidden=\"true\" class=\"bocpak-icon- bocpak-icon-chevron-down\"><\/i><\/span>\n\t\t\t<span class='e-closed'><i aria-hidden=\"true\" class=\"bocpak-icon- bocpak-icon-chevron-right\"><\/i><\/span>\n\t\t<\/span>\n\n\t\t\t\t\t\t<\/summary>\n\t\t\t\t<div role=\"region\" aria-labelledby=\"e-n-accordion-item-2190\" class=\"elementor-element elementor-element-ac4e849 e-con-full e-flex e-con e-child\" data-id=\"ac4e849\" data-element_type=\"container\" data-e-type=\"container\">\n\t\t\t\t<div class=\"elementor-element elementor-element-801725f elementor-widget elementor-widget-text-editor\" data-id=\"801725f\" data-element_type=\"widget\" data-e-type=\"widget\" data-widget_type=\"text-editor.default\">\n\t\t\t\t<div class=\"elementor-widget-container\">\n\t\t\t\t\t\t\t\t\tSadece online sipari\u015fleri kabul ediyoruz ancak sipari\u015f verirken herhangi bir sorunuz veya sorununuz varsa bizi aray\u0131n, ekibimizden birinin t\u00fcm s\u00fcre\u00e7 boyunca size yard\u0131mc\u0131 olaca\u011f\u0131ndan emin olabilirsiniz.\t\t\t\t\t\t\t\t<\/div>\n\t\t\t\t<\/div>\n\t\t\t\t<\/div>\n\t\t\t\t\t<\/details>\n\t\t\t\t\t\t<details id=\"e-n-accordion-item-2191\" class=\"e-n-accordion-item\" >\n\t\t\t\t<summary class=\"e-n-accordion-item-title\" data-accordion-index=\"2\" tabindex=\"-1\" aria-expanded=\"false\" aria-controls=\"e-n-accordion-item-2191\" >\n\t\t\t\t\t<span class='e-n-accordion-item-title-header'><div class=\"e-n-accordion-item-title-text\"> Yeni \u00e7al\u0131\u015fanlar m\u0131 ar\u0131yorsunuz? <\/div><\/span>\n\t\t\t\t\t\t\t<span class='e-n-accordion-item-title-icon'>\n\t\t\t<span class='e-opened' ><i aria-hidden=\"true\" class=\"bocpak-icon- bocpak-icon-chevron-down\"><\/i><\/span>\n\t\t\t<span class='e-closed'><i aria-hidden=\"true\" class=\"bocpak-icon- bocpak-icon-chevron-right\"><\/i><\/span>\n\t\t<\/span>\n\n\t\t\t\t\t\t<\/summary>\n\t\t\t\t<div role=\"region\" aria-labelledby=\"e-n-accordion-item-2191\" class=\"elementor-element elementor-element-64f32e9 e-con-full e-flex e-con e-child\" data-id=\"64f32e9\" data-element_type=\"container\" data-e-type=\"container\">\n\t\t\t\t<div class=\"elementor-element elementor-element-b719c4a elementor-widget elementor-widget-text-editor\" data-id=\"b719c4a\" data-element_type=\"widget\" data-e-type=\"widget\" data-widget_type=\"text-editor.default\">\n\t\t\t\t<div class=\"elementor-widget-container\">\n\t\t\t\t\t\t\t\t\tSadece online sipari\u015fleri kabul ediyoruz ancak sipari\u015f verirken herhangi bir sorunuz veya sorununuz varsa bizi aray\u0131n, ekibimizden birinin t\u00fcm s\u00fcre\u00e7 boyunca size yard\u0131mc\u0131 olaca\u011f\u0131ndan emin olabilirsiniz.\t\t\t\t\t\t\t\t<\/div>\n\t\t\t\t<\/div>\n\t\t\t\t<\/div>\n\t\t\t\t\t<\/details>\n\t\t\t\t\t\t<details id=\"e-n-accordion-item-2192\" class=\"e-n-accordion-item\" >\n\t\t\t\t<summary class=\"e-n-accordion-item-title\" data-accordion-index=\"3\" tabindex=\"-1\" aria-expanded=\"false\" aria-controls=\"e-n-accordion-item-2192\" >\n\t\t\t\t\t<span class='e-n-accordion-item-title-header'><div class=\"e-n-accordion-item-title-text\"> Ben bir i\u015fletme y\u00f6netmiyorum. Kutular\u0131n\u0131z\u0131 sipari\u015f edebilir miyim? <\/div><\/span>\n\t\t\t\t\t\t\t<span class='e-n-accordion-item-title-icon'>\n\t\t\t<span class='e-opened' ><i aria-hidden=\"true\" class=\"bocpak-icon- bocpak-icon-chevron-down\"><\/i><\/span>\n\t\t\t<span class='e-closed'><i aria-hidden=\"true\" class=\"bocpak-icon- bocpak-icon-chevron-right\"><\/i><\/span>\n\t\t<\/span>\n\n\t\t\t\t\t\t<\/summary>\n\t\t\t\t<div role=\"region\" aria-labelledby=\"e-n-accordion-item-2192\" class=\"elementor-element elementor-element-800fa4a e-con-full e-flex e-con e-child\" data-id=\"800fa4a\" data-element_type=\"container\" data-e-type=\"container\">\n\t\t\t\t<div class=\"elementor-element elementor-element-be1bff1 elementor-widget elementor-widget-text-editor\" data-id=\"be1bff1\" data-element_type=\"widget\" data-e-type=\"widget\" data-widget_type=\"text-editor.default\">\n\t\t\t\t<div class=\"elementor-widget-container\">\n\t\t\t\t\t\t\t\t\tSadece online sipari\u015fleri kabul ediyoruz ancak sipari\u015f verirken herhangi bir sorunuz veya sorununuz varsa bizi aray\u0131n, ekibimizden birinin t\u00fcm s\u00fcre\u00e7 boyunca size yard\u0131mc\u0131 olaca\u011f\u0131ndan emin olabilirsiniz.\t\t\t\t\t\t\t\t<\/div>\n\t\t\t\t<\/div>\n\t\t\t\t<\/div>\n\t\t\t\t\t<\/details>\n\t\t\t\t\t\t<details id=\"e-n-accordion-item-2193\" class=\"e-n-accordion-item\" >\n\t\t\t\t<summary class=\"e-n-accordion-item-title\" data-accordion-index=\"4\" tabindex=\"-1\" aria-expanded=\"false\" aria-controls=\"e-n-accordion-item-2193\" >\n\t\t\t\t\t<span class='e-n-accordion-item-title-header'><div class=\"e-n-accordion-item-title-text\"> Sipari\u015fin minimum b\u00fcy\u00fckl\u00fc\u011f\u00fc nedir? <\/div><\/span>\n\t\t\t\t\t\t\t<span class='e-n-accordion-item-title-icon'>\n\t\t\t<span class='e-opened' ><i aria-hidden=\"true\" class=\"bocpak-icon- bocpak-icon-chevron-down\"><\/i><\/span>\n\t\t\t<span class='e-closed'><i aria-hidden=\"true\" class=\"bocpak-icon- bocpak-icon-chevron-right\"><\/i><\/span>\n\t\t<\/span>\n\n\t\t\t\t\t\t<\/summary>\n\t\t\t\t<div role=\"region\" aria-labelledby=\"e-n-accordion-item-2193\" class=\"elementor-element elementor-element-71cafc9 e-con-full e-flex e-con e-child\" data-id=\"71cafc9\" data-element_type=\"container\" data-e-type=\"container\">\n\t\t\t\t<div class=\"elementor-element elementor-element-4d28d90 elementor-widget elementor-widget-text-editor\" data-id=\"4d28d90\" data-element_type=\"widget\" data-e-type=\"widget\" data-widget_type=\"text-editor.default\">\n\t\t\t\t<div class=\"elementor-widget-container\">\n\t\t\t\t\t\t\t\t\tSadece online sipari\u015fleri kabul ediyoruz ancak sipari\u015f verirken herhangi bir sorunuz veya sorununuz varsa bizi aray\u0131n, ekibimizden birinin t\u00fcm s\u00fcre\u00e7 boyunca size yard\u0131mc\u0131 olaca\u011f\u0131ndan emin olabilirsiniz.\t\t\t\t\t\t\t\t<\/div>\n\t\t\t\t<\/div>\n\t\t\t\t<\/div>\n\t\t\t\t\t<\/details>\n\t\t\t\t\t\t<details id=\"e-n-accordion-item-2194\" class=\"e-n-accordion-item\" >\n\t\t\t\t<summary class=\"e-n-accordion-item-title\" data-accordion-index=\"5\" tabindex=\"-1\" aria-expanded=\"false\" aria-controls=\"e-n-accordion-item-2194\" >\n\t\t\t\t\t<span class='e-n-accordion-item-title-header'><div class=\"e-n-accordion-item-title-text\"> Kutular nas\u0131l saklanmal\u0131? <\/div><\/span>\n\t\t\t\t\t\t\t<span class='e-n-accordion-item-title-icon'>\n\t\t\t<span class='e-opened' ><i aria-hidden=\"true\" class=\"bocpak-icon- bocpak-icon-chevron-down\"><\/i><\/span>\n\t\t\t<span class='e-closed'><i aria-hidden=\"true\" class=\"bocpak-icon- bocpak-icon-chevron-right\"><\/i><\/span>\n\t\t<\/span>\n\n\t\t\t\t\t\t<\/summary>\n\t\t\t\t<div role=\"region\" aria-labelledby=\"e-n-accordion-item-2194\" class=\"elementor-element elementor-element-ea275ba e-con-full e-flex e-con e-child\" data-id=\"ea275ba\" data-element_type=\"container\" data-e-type=\"container\">\n\t\t\t\t<div class=\"elementor-element elementor-element-a0c4a20 elementor-widget elementor-widget-text-editor\" data-id=\"a0c4a20\" data-element_type=\"widget\" data-e-type=\"widget\" data-widget_type=\"text-editor.default\">\n\t\t\t\t<div class=\"elementor-widget-container\">\n\t\t\t\t\t\t\t\t\tSadece online sipari\u015fleri kabul ediyoruz ancak sipari\u015f verirken herhangi bir sorunuz veya sorununuz varsa bizi aray\u0131n, ekibimizden birinin t\u00fcm s\u00fcre\u00e7 boyunca size yard\u0131mc\u0131 olaca\u011f\u0131ndan emin olabilirsiniz.\t\t\t\t\t\t\t\t<\/div>\n\t\t\t\t<\/div>\n\t\t\t\t<\/div>\n\t\t\t\t\t<\/details>\n\t\t\t\t\t<\/div>\n\t\t\t\t\t\t<\/div>\n\t\t\t\t<\/div>\n\t\t\t\t\t<\/div>\n\t\t\t\t<\/div>\n\t\t\t\t\t<\/div>\n\t\t\t\t<\/div>\n\t\t\t\t<\/div>","protected":false},"excerpt":{"rendered":"","protected":false},"author":2,"featured_media":0,"parent":0,"menu_order":0,"comment_status":"closed","ping_status":"closed","template":"","meta":{"_acf_changed":false,"nf_dc_page":"","inline_featured_image":false,"footnotes":""},"class_list":["post-38","page","type-page","status-publish","hentry"],"acf":[],"_links":{"self":[{"href":"https:\/\/packntrade.co.uk\/tr\/wp-json\/wp\/v2\/pages\/38","targetHints":{"allow":["GET"]}}],"collection":[{"href":"https:\/\/packntrade.co.uk\/tr\/wp-json\/wp\/v2\/pages"}],"about":[{"href":"https:\/\/packntrade.co.uk\/tr\/wp-json\/wp\/v2\/types\/page"}],"author":[{"embeddable":true,"href":"https:\/\/packntrade.co.uk\/tr\/wp-json\/wp\/v2\/users\/2"}],"replies":[{"embeddable":true,"href":"https:\/\/packntrade.co.uk\/tr\/wp-json\/wp\/v2\/comments?post=38"}],"version-history":[{"count":0,"href":"https:\/\/packntrade.co.uk\/tr\/wp-json\/wp\/v2\/pages\/38\/revisions"}],"wp:attachment":[{"href":"https:\/\/packntrade.co.uk\/tr\/wp-json\/wp\/v2\/media?parent=38"}],"curies":[{"name":"wp","href":"https:\/\/api.w.org\/{rel}","templated":true}]}}